{"id":268,"date":"2017-05-12T09:37:19","date_gmt":"2017-05-12T09:37:19","guid":{"rendered":"http:\/\/localhost\/themes\/upsurge\/?page_id=27"},"modified":"2017-05-12T09:37:19","modified_gmt":"2017-05-12T09:37:19","slug":"lessons","status":"publish","type":"page","link":"https:\/\/blogazadehazari.com\/index.php\/lessons\/","title":{"rendered":"Brand"},"content":{"rendered":"\n<p>Jeg \u00f8nsker \u00e5 inspirere mennesker til \u00e5 leve enklere liv, senke kravene en har til seg selv og andre.<br \/>Der en ikke trenger \u00e5 kjenne p\u00e5 press i fra media og omverden til \u00e5 v\u00e6re i en &#8220;bruk og kast&#8221; mentalitet. Jeg \u00f8nsker ogs\u00e5 \u00e5 bidra med til \u00e5 sette mer fokus p\u00e5 <a href=\"http:\/\/www.EssanteOrganics.com\/azadeh\" target=\"_blank\" rel=\"noopener\">\u00f8kologisk produkter<\/a> og bruke det naturen har \u00e5 gi oss.<br \/> <br \/>Alts\u00e5 vi er alle mennesker, jeg tenker n\u00e5r jeg har forandret meg og er stadig under utvikling. S\u00e5 kan hvem som helst det. <br \/>Jeg er heller ingen fanatiker, jeg bor ute i bygda i en husmannsplass omr\u00e5de. Med mye god energi rundt. S\u00e5 her bruker jeg for det meste av det vi haver og tenker ofte det enkleste er det beste.<br \/><br \/>Om min livstil som g\u00e5r mot normalen kan inspirere andre til \u00e5 senke ned tempoet og v\u00e6re litt mer i nuet av \u00e5 lese om min hverdag. S\u00e5 da tenker jeg at jeg har klart \u00e5 skape det jeg \u00f8nsker. Nemlig \u00e5 inspirere mennesker til \u00e5 v\u00e6re takknemlig for det en har. <br \/>Men samtidig huske at en trenger ikke \u00e5 utslette seg selv for andre,<br \/>en trenger alltid \u00e5 huske f\u00f8rst sin egen oksygenmaske p\u00e5 seg selv f\u00f8r en kan gi noen noe videre. <br \/><br \/>Om du faller for min hverdag og \u00f8nsker kanskje samarbeid eller \u00f8nsker bare \u00e5 vite mer, ta gjerne kontakt.<br \/><br \/>Gleder meg til \u00e5 h\u00f8re i fra deg. <\/p>\n","protected":false},"excerpt":{"rendered":"<p>Jeg \u00f8nsker \u00e5 inspirere mennesker til \u00e5 leve enklere liv, senke kravene en har til seg selv og andre.Der en ikke trenger \u00e5 kjenne p\u00e5 press i fra media og omverden til \u00e5 v\u00e6re i en &#8220;bruk og kast&#8221; mentalitet. Jeg \u00f8nsker ogs\u00e5 \u00e5 bidra med til \u00e5 sette mer fokus p\u00e5 \u00f8kologisk produkter og [&hellip;]<\/p>\n","protected":false},"author":2,"featured_media":0,"parent":0,"menu_order":0,"comment_status":"closed","ping_status":"closed","template":"","meta":{"footnotes":""},"class_list":["post-268","page","type-page","status-publish","hentry"],"_links":{"self":[{"href":"https:\/\/blogazadehazari.com\/index.php\/wp-json\/wp\/v2\/pages\/268","targetHints":{"allow":["GET"]}}],"collection":[{"href":"https:\/\/blogazadehazari.com\/index.php\/wp-json\/wp\/v2\/pages"}],"about":[{"href":"https:\/\/blogazadehazari.com\/index.php\/wp-json\/wp\/v2\/types\/page"}],"author":[{"embeddable":true,"href":"https:\/\/blogazadehazari.com\/index.php\/wp-json\/wp\/v2\/users\/2"}],"replies":[{"embeddable":true,"href":"https:\/\/blogazadehazari.com\/index.php\/wp-json\/wp\/v2\/comments?post=268"}],"version-history":[{"count":0,"href":"https:\/\/blogazadehazari.com\/index.php\/wp-json\/wp\/v2\/pages\/268\/revisions"}],"wp:attachment":[{"href":"https:\/\/blogazadehazari.com\/index.php\/wp-json\/wp\/v2\/media?parent=268"}],"curies":[{"name":"wp","href":"https:\/\/api.w.org\/{rel}","templated":true}]}}