{"id":1558,"date":"2019-03-20T14:27:48","date_gmt":"2019-03-20T13:27:48","guid":{"rendered":"https:\/\/blogg.azadehazari.no\/?page_id=1558"},"modified":"2019-03-20T14:27:48","modified_gmt":"2019-03-20T13:27:48","slug":"healing","status":"publish","type":"page","link":"https:\/\/blogazadehazari.com\/index.php\/healing\/","title":{"rendered":"Healing"},"content":{"rendered":"\n<p style=\"text-align:center\"><em><strong> Jeg \u00f8nsker \u00e5 gi  healing til dem som m\u00e5tte trenge det. Dette gj\u00f8r jeg helt uten kostnad. Jeg mener healing arbeid og fastsatt betaling h\u00f8rer ikke sammen.\u00a0Om du likevel har lyst \u00e5 donere en sum blir jeg sv\u00e6rt s\u00e5 takknemlig for det. <br \/><br \/>Om du \u00f8nsker healing kontakt meg p\u00e5 min epost post ( @ ) azadehazari.no<\/strong><\/em><br \/><br \/><\/p>\n\n\n\n<div class=\"wp-block-image\"><figure class=\"aligncenter is-resized\"><img fetchpriority=\"high\" decoding=\"async\" src=\"https:\/\/blogg.azadehazari.no\/wp-content\/uploads\/2019\/03\/17098418_1661839430784009_7877843630780386339_n.jpg\" alt=\"\" class=\"wp-image-1559\" width=\"284\" height=\"315\"\/><\/figure><\/div>\n","protected":false},"excerpt":{"rendered":"<p>Jeg \u00f8nsker \u00e5 gi healing til dem som m\u00e5tte trenge det. Dette gj\u00f8r jeg helt uten kostnad. Jeg mener healing arbeid og fastsatt betaling h\u00f8rer ikke sammen.\u00a0Om du likevel har lyst \u00e5 donere en sum blir jeg sv\u00e6rt s\u00e5 takknemlig for det. Om du \u00f8nsker healing kontakt meg p\u00e5 min epost post ( @ ) [&hellip;]<\/p>\n","protected":false},"author":2,"featured_media":0,"parent":0,"menu_order":0,"comment_status":"closed","ping_status":"closed","template":"","meta":{"footnotes":""},"class_list":["post-1558","page","type-page","status-publish","hentry"],"_links":{"self":[{"href":"https:\/\/blogazadehazari.com\/index.php\/wp-json\/wp\/v2\/pages\/1558","targetHints":{"allow":["GET"]}}],"collection":[{"href":"https:\/\/blogazadehazari.com\/index.php\/wp-json\/wp\/v2\/pages"}],"about":[{"href":"https:\/\/blogazadehazari.com\/index.php\/wp-json\/wp\/v2\/types\/page"}],"author":[{"embeddable":true,"href":"https:\/\/blogazadehazari.com\/index.php\/wp-json\/wp\/v2\/users\/2"}],"replies":[{"embeddable":true,"href":"https:\/\/blogazadehazari.com\/index.php\/wp-json\/wp\/v2\/comments?post=1558"}],"version-history":[{"count":0,"href":"https:\/\/blogazadehazari.com\/index.php\/wp-json\/wp\/v2\/pages\/1558\/revisions"}],"wp:attachment":[{"href":"https:\/\/blogazadehazari.com\/index.php\/wp-json\/wp\/v2\/media?parent=1558"}],"curies":[{"name":"wp","href":"https:\/\/api.w.org\/{rel}","templated":true}]}}