{"id":1551,"date":"2019-03-20T13:05:36","date_gmt":"2019-03-20T12:05:36","guid":{"rendered":"https:\/\/blogg.azadehazari.no\/?page_id=1551"},"modified":"2019-03-20T13:05:36","modified_gmt":"2019-03-20T12:05:36","slug":"hjertesaker","status":"publish","type":"page","link":"https:\/\/blogazadehazari.com\/index.php\/hjertesaker\/","title":{"rendered":"Hjertesaker"},"content":{"rendered":"\n<p style=\"text-align:center\"><strong>   <\/strong><\/p>\n\n\n\n<p style=\"text-align:center\"><strong><em>    SOMMERFUGLEFFEKTENE<\/em><\/strong><\/p>\n\n\n\n<div class=\"wp-block-image\"><figure class=\"aligncenter is-resized\"><img fetchpriority=\"high\" decoding=\"async\" src=\"https:\/\/blogg.azadehazari.no\/wp-content\/uploads\/2019\/03\/10553447_731119770268123_4759481908415431634_n.jpg\" alt=\"\" class=\"wp-image-1552\" width=\"376\" height=\"250\"\/><\/figure><\/div>\n\n\n\n<p><em>\u201dSommerfugleffektene\u201d handler om \u00e5 gj\u00f8re en stor forskjell ved en liten innsats.<\/em><\/p>\n\n\n\n<p><em>\u201dVingeslagene fra en sommerfugl i Brasil kan utl\u00f8se en tornado i Texas\u201d &#8211; Edward Lorenz.<\/em><\/p>\n\n\n\n<p><em>\u201dSommerfugleffektene\u201d er en frivillig organisasjon som \u00f8nsker \u00e5 bidra til \u00e5 gj\u00f8re Norge renere. Vi plukker s\u00f8ppel p\u00e5 strand, land, skog og der det beh\u00f8ves. Tenk dere hvor fantastisk det er at v\u00e5r lille innsats her i landet kan ha stor innvirkning p\u00e5 hele verden!<\/em><\/p>\n\n\n\n<p><em><strong>En kan ikke gj\u00f8re alt men alle kan gj\u00f8re noe.<\/strong><\/em><\/p>\n\n\n\n<p><a href=\"https:\/\/www.facebook.com\/sommerfugleffektene\/\" target=\"_blank\" rel=\"noopener\"><em>Link til Facebook siden v\u00e5r.<\/em><\/a><\/p>\n","protected":false},"excerpt":{"rendered":"<p>SOMMERFUGLEFFEKTENE \u201dSommerfugleffektene\u201d handler om \u00e5 gj\u00f8re en stor forskjell ved en liten innsats. \u201dVingeslagene fra en sommerfugl i Brasil kan utl\u00f8se en tornado i Texas\u201d &#8211; Edward Lorenz. \u201dSommerfugleffektene\u201d er en frivillig organisasjon som \u00f8nsker \u00e5 bidra til \u00e5 gj\u00f8re Norge renere. Vi plukker s\u00f8ppel p\u00e5 strand, land, skog og der det beh\u00f8ves. Tenk dere [&hellip;]<\/p>\n","protected":false},"author":2,"featured_media":0,"parent":0,"menu_order":0,"comment_status":"closed","ping_status":"closed","template":"","meta":{"footnotes":""},"class_list":["post-1551","page","type-page","status-publish","hentry"],"_links":{"self":[{"href":"https:\/\/blogazadehazari.com\/index.php\/wp-json\/wp\/v2\/pages\/1551","targetHints":{"allow":["GET"]}}],"collection":[{"href":"https:\/\/blogazadehazari.com\/index.php\/wp-json\/wp\/v2\/pages"}],"about":[{"href":"https:\/\/blogazadehazari.com\/index.php\/wp-json\/wp\/v2\/types\/page"}],"author":[{"embeddable":true,"href":"https:\/\/blogazadehazari.com\/index.php\/wp-json\/wp\/v2\/users\/2"}],"replies":[{"embeddable":true,"href":"https:\/\/blogazadehazari.com\/index.php\/wp-json\/wp\/v2\/comments?post=1551"}],"version-history":[{"count":0,"href":"https:\/\/blogazadehazari.com\/index.php\/wp-json\/wp\/v2\/pages\/1551\/revisions"}],"wp:attachment":[{"href":"https:\/\/blogazadehazari.com\/index.php\/wp-json\/wp\/v2\/media?parent=1551"}],"curies":[{"name":"wp","href":"https:\/\/api.w.org\/{rel}","templated":true}]}}